{"id":345,"date":"2023-12-28T10:39:29","date_gmt":"2023-12-28T03:39:29","guid":{"rendered":"http:\/\/technest.southteam.vn\/?page_id=345"},"modified":"2025-10-17T17:48:16","modified_gmt":"2025-10-17T10:48:16","slug":"doi-tac","status":"publish","type":"page","link":"https:\/\/technest.com.vn\/vi\/doi-tac\/","title":{"rendered":"\u0110\u1ed1i t\u00e1c"},"content":{"rendered":"<div class=\"wpb-content-wrapper\"><p>[vc_row][vc_column]<div class=\"south-title text-center\">\n\t<div id=\"ez-toc-container\" class=\"ez-toc-v2_0_76 counter-hierarchy ez-toc-counter ez-toc-grey ez-toc-container-direction\">\n<div class=\"ez-toc-title-container\">\n<p class=\"ez-toc-title\" style=\"cursor:inherit\">Table of Contents<\/p>\n<span class=\"ez-toc-title-toggle\"><a href=\"#\" class=\"ez-toc-pull-right ez-toc-btn ez-toc-btn-xs ez-toc-btn-default ez-toc-toggle\" aria-label=\"Toggle Table of Content\"><span class=\"ez-toc-js-icon-con\"><span class=\"\"><span class=\"eztoc-hide\" style=\"display:none;\">Toggle<\/span><span class=\"ez-toc-icon-toggle-span\"><svg style=\"fill: #999;color:#999\" xmlns=\"http:\/\/www.w3.org\/2000\/svg\" class=\"list-377408\" width=\"20px\" height=\"20px\" viewBox=\"0 0 24 24\" fill=\"none\"><path d=\"M6 6H4v2h2V6zm14 0H8v2h12V6zM4 11h2v2H4v-2zm16 0H8v2h12v-2zM4 16h2v2H4v-2zm16 0H8v2h12v-2z\" fill=\"currentColor\"><\/path><\/svg><svg style=\"fill: #999;color:#999\" class=\"arrow-unsorted-368013\" xmlns=\"http:\/\/www.w3.org\/2000\/svg\" width=\"10px\" height=\"10px\" viewBox=\"0 0 24 24\" version=\"1.2\" baseProfile=\"tiny\"><path d=\"M18.2 9.3l-6.2-6.3-6.2 6.3c-.2.2-.3.4-.3.7s.1.5.3.7c.2.2.4.3.7.3h11c.3 0 .5-.1.7-.3.2-.2.3-.5.3-.7s-.1-.5-.3-.7zM5.8 14.7l6.2 6.3 6.2-6.3c.2-.2.3-.5.3-.7s-.1-.5-.3-.7c-.2-.2-.4-.3-.7-.3h-11c-.3 0-.5.1-.7.3-.2.2-.3.5-.3.7s.1.5.3.7z\"\/><\/svg><\/span><\/span><\/span><\/a><\/span><\/div>\n<nav><ul class='ez-toc-list ez-toc-list-level-1 ' ><li class='ez-toc-page-1 ez-toc-heading-level-3'><a class=\"ez-toc-link ez-toc-heading-1\" href=\"https:\/\/technest.com.vn\/vi\/doi-tac\/#Cac_doi_tac_cua_Technest_Nen_tang_cua_su_doi_moi_toan_cau\" >C\u00e1c \u0111\u1ed1i t\u00e1c c\u1ee7a Technest: N\u1ec1n t\u1ea3ng c\u1ee7a s\u1ef1 \u0111\u1ed5i m\u1edbi to\u00e0n c\u1ea7u<\/a><\/li><li class='ez-toc-page-1 ez-toc-heading-level-3'><a class=\"ez-toc-link ez-toc-heading-2\" href=\"https:\/\/technest.com.vn\/vi\/doi-tac\/#1_Doi_moi_cong_nghe_va_tu_van_he_thong_sau_rong\" >1. \u0110\u1ed5i m\u1edbi c\u00f4ng ngh\u1ec7 v\u00e0 t\u01b0 v\u1ea5n h\u1ec7 th\u1ed1ng s\u00e2u r\u1ed9ng<\/a><\/li><li class='ez-toc-page-1 ez-toc-heading-level-3'><a class=\"ez-toc-link ez-toc-heading-3\" href=\"https:\/\/technest.com.vn\/vi\/doi-tac\/#2_Co_khi_chinh_xac_va_tu_dong_hoa_cong_nghiep\" >2. C\u01a1 kh\u00ed ch\u00ednh x\u00e1c v\u00e0 t\u1ef1 \u0111\u1ed9ng h\u00f3a c\u00f4ng nghi\u1ec7p<\/a><\/li><li class='ez-toc-page-1 ez-toc-heading-level-3'><a class=\"ez-toc-link ez-toc-heading-4\" href=\"https:\/\/technest.com.vn\/vi\/doi-tac\/#3_Du_lieu_chuyen_sau_va_nghien_cuu_thi_truong\" >3. D\u1eef li\u1ec7u chuy\u00ean s\u00e2u v\u00e0 nghi\u00ean c\u1ee9u th\u1ecb tr\u01b0\u1eddng<\/a><\/li><li class='ez-toc-page-1 ez-toc-heading-level-3'><a class=\"ez-toc-link ez-toc-heading-5\" href=\"https:\/\/technest.com.vn\/vi\/doi-tac\/#4_Truyen_thong_va_giai_phap_chuyen_nganh\" >4. Truy\u1ec1n th\u00f4ng v\u00e0 gi\u1ea3i ph\u00e1p chuy\u00ean ng\u00e0nh<\/a><\/li><li class='ez-toc-page-1 ez-toc-heading-level-3'><a class=\"ez-toc-link ez-toc-heading-6\" href=\"https:\/\/technest.com.vn\/vi\/doi-tac\/#Nhung_doi_tac_da_dong_hanh_cung_Technest\" >Nh\u1eefng \u0111\u1ed1i t\u00e1c \u0111\u00e3 \u0111\u1ed3ng h\u00e0nh c\u00f9ng Technest<\/a><\/li><\/ul><\/nav><\/div>\n<h3 class=\"title\"><span class=\"ez-toc-section\" id=\"Cac_doi_tac_cua_Technest_Nen_tang_cua_su_doi_moi_toan_cau\"><\/span>C\u00e1c \u0111\u1ed1i t\u00e1c c\u1ee7a Technest: N\u1ec1n t\u1ea3ng c\u1ee7a s\u1ef1 \u0111\u1ed5i m\u1edbi to\u00e0n c\u1ea7u <span><\/span><span class=\"ez-toc-section-end\"><\/span><\/h3>\n\t<\/div>\n<div class=\"wt-separator-outer text-center\">\n\t<div class=\"wt-separator style-square\">\n\t\t<span class=\"separator-left bg-second\"><\/span>\n\t\t<span class=\"separator-right bg-second\"><\/span>\n\t<\/div>\n<\/div>\n[vc_column_text]T\u1ea1i\u00a0<b>Technest<\/b>, ch\u00fang t\u00f4i tin r\u1eb1ng s\u1ee9c m\u1ea1nh c\u1ee7a m\u1ed9t doanh nghi\u1ec7p n\u1eb1m \u1edf kh\u1ea3 n\u0103ng h\u1ee3p t\u00e1c v\u1edbi nh\u1eefng \u0111\u1ed1i t\u00e1c tinh hoa tr\u00ean to\u00e0n th\u1ebf gi\u1edbi. M\u1ea1ng l\u01b0\u1edbi \u0111\u1ed1i t\u00e1c chi\u1ebfn l\u01b0\u1ee3c c\u1ee7a ch\u00fang t\u00f4i l\u00e0 minh ch\u1ee9ng cho cam k\u1ebft mang l\u1ea1i c\u00e1c gi\u1ea3i ph\u00e1p c\u00f4ng ngh\u1ec7 v\u00e0 d\u1ecbch v\u1ee5 \u0111\u1eb3ng c\u1ea5p qu\u1ed1c t\u1ebf cho kh\u00e1ch h\u00e0ng.<\/p>\n<p>Ch\u00fang t\u00f4i t\u1ef1 h\u00e0o \u0111\u01b0\u1ee3c \u0111\u1ed3ng h\u00e0nh c\u00f9ng c\u00e1c t\u1eadp \u0111o\u00e0n h\u00e0ng \u0111\u1ea7u th\u1ebf gi\u1edbi, ch\u1ee7 y\u1ebfu \u0111\u1ebfn t\u1eeb Nh\u1eadt B\u1ea3n, nh\u1eefng \u0111\u01a1n v\u1ecb d\u1eabn \u0111\u1ea7u trong nhi\u1ec1u l\u0129nh v\u1ef1c then ch\u1ed1t nh\u01b0:[\/vc_column_text][\/vc_column][\/vc_row][vc_row][vc_column][vc_single_image image=&#8221;1470&#8243; img_size=&#8221;600&#215;400 &#8221; alignment=&#8221;center&#8221;][\/vc_column][\/vc_row][vc_row][vc_column]<div class=\"south-title \">\n\t<h3 class=\"title\"><span class=\"ez-toc-section\" id=\"1_Doi_moi_cong_nghe_va_tu_van_he_thong_sau_rong\"><\/span>1. \u0110\u1ed5i m\u1edbi c\u00f4ng ngh\u1ec7 v\u00e0 t\u01b0 v\u1ea5n h\u1ec7 th\u1ed1ng s\u00e2u r\u1ed9ng <span><\/span><span class=\"ez-toc-section-end\"><\/span><\/h3>\n\t<\/div>\n[vc_column_text]M\u1ea1ng l\u01b0\u1edbi \u0111\u1ed1i t\u00e1c c\u1ee7a ch\u00fang t\u00f4i bao g\u1ed3m c\u00e1c c\u00f4ng ty chuy\u00ean bi\u1ec7t v\u1ec1\u00a0<b>T\u01b0 v\u1ea5n Chi\u1ebfn l\u01b0\u1ee3c IT, Ki\u1ebfn tr\u00fac H\u1ec7 th\u1ed1ng<\/b>\u00a0v\u00e0 cung c\u1ea5p c\u00e1c\u00a0<b>Gi\u1ea3i ph\u00e1p IT Gi\u00e1 tr\u1ecb Gia t\u0103ng Cao<\/b>.<\/p>\n<p>Nh\u1eefng \u0111\u1ed1i t\u00e1c n\u00e0y kh\u00f4ng ch\u1ec9 cung c\u1ea5p ph\u1ea7n m\u1ec1m hay h\u1ec7 th\u1ed1ng, m\u00e0 c\u00f2n l\u00e0 c\u00e1c chuy\u00ean gia gi\u00e0u kinh nghi\u1ec7m trong vi\u1ec7c t\u1ed1i \u01b0u h\u00f3a quy tr\u00ecnh nghi\u1ec7p v\u1ee5 cho c\u00e1c ng\u00e0nh \u0111\u00f2i h\u1ecfi kh\u1eaft khe nh\u01b0\u00a0<b>T\u00e0i ch\u00ednh, Ng\u00e2n h\u00e0ng, Ch\u1ee9ng kho\u00e1n<\/b>\u00a0v\u00e0\u00a0<b>D\u1ecbch v\u1ee5 c\u00f4ng<\/b>.<\/p>\n<p>S\u1ef1 h\u1ee3p t\u00e1c n\u00e0y \u0111\u1ea3m b\u1ea3o r\u1eb1ng m\u1ecdi gi\u1ea3i ph\u00e1p c\u00f4ng ngh\u1ec7 m\u00e0 Technest cung c\u1ea5p \u0111\u1ec1u mang t\u00ednh chi\u1ebfn l\u01b0\u1ee3c, hi\u1ec7u qu\u1ea3 v\u00e0 ph\u00f9 h\u1ee3p v\u1edbi m\u00f4 h\u00ecnh kinh doanh hi\u1ec7n \u0111\u1ea1i.[\/vc_column_text][\/vc_column][\/vc_row][vc_row][vc_column]<div class=\"south-title \">\n\t<h3 class=\"title\"><span class=\"ez-toc-section\" id=\"2_Co_khi_chinh_xac_va_tu_dong_hoa_cong_nghiep\"><\/span>2. C\u01a1 kh\u00ed ch\u00ednh x\u00e1c v\u00e0 t\u1ef1 \u0111\u1ed9ng h\u00f3a c\u00f4ng nghi\u1ec7p <span><\/span><span class=\"ez-toc-section-end\"><\/span><\/h3>\n\t<\/div>\n[vc_column_text]\u0110\u1ec3 ph\u1ee5c v\u1ee5 k\u1ef7 nguy\u00ean\u00a0<b>S\u1ea3n xu\u1ea5t Th\u00f4ng minh (Smart Manufacturing)<\/b>\u00a0v\u00e0\u00a0<b>C\u00f4ng nghi\u1ec7p 4.0<\/b>, Technest h\u1ee3p t\u00e1c v\u1edbi c\u00e1c nh\u00e0 l\u00e3nh \u0111\u1ea1o to\u00e0n c\u1ea7u trong l\u0129nh v\u1ef1c\u00a0<b>C\u01a1 kh\u00ed Ch\u00ednh x\u00e1c<\/b>\u00a0v\u00e0\u00a0<b>C\u00f4ng ngh\u1ec7 Chuy\u1ec3n \u0111\u1ed9ng Tuy\u1ebfn t\u00ednh<\/b>.<\/p>\n<p>Nh\u1eefng \u0111\u1ed1i t\u00e1c n\u00e0y cung c\u1ea5p c\u00e1c th\u00e0nh ph\u1ea7n c\u1ed1t l\u00f5i cho robot c\u00f4ng nghi\u1ec7p, m\u00e1y c\u00f4ng c\u1ee5 v\u00e0 c\u00e1c h\u1ec7 th\u1ed1ng t\u1ef1 \u0111\u1ed9ng h\u00f3a ti\u00ean ti\u1ebfn, \u0111\u1ea3m b\u1ea3o \u0111\u1ed9 b\u1ec1n b\u1ec9, ch\u00ednh x\u00e1c tuy\u1ec7t \u0111\u1ed1i v\u00e0 hi\u1ec7u su\u1ea5t v\u1eadn h\u00e0nh cao nh\u1ea5t cho c\u00e1c d\u1ef1 \u00e1n t\u1ef1 \u0111\u1ed9ng h\u00f3a c\u1ee7a kh\u00e1ch h\u00e0ng.[\/vc_column_text][\/vc_column][\/vc_row][vc_row][vc_column]<div class=\"south-title \">\n\t<h3 class=\"title\"><span class=\"ez-toc-section\" id=\"3_Du_lieu_chuyen_sau_va_nghien_cuu_thi_truong\"><\/span>3. D\u1eef li\u1ec7u chuy\u00ean s\u00e2u v\u00e0 nghi\u00ean c\u1ee9u th\u1ecb tr\u01b0\u1eddng <span><\/span><span class=\"ez-toc-section-end\"><\/span><\/h3>\n\t<\/div>\n[vc_column_text]Trong k\u1ef7 nguy\u00ean c\u1ee7a d\u1eef li\u1ec7u, vi\u1ec7c ra quy\u1ebft \u0111\u1ecbnh d\u1ef1a tr\u00ean th\u00f4ng tin ch\u00ednh x\u00e1c l\u00e0 \u0111i\u1ec1u t\u1ed1i quan tr\u1ecdng.<\/p>\n<p>C\u00e1c \u0111\u1ed1i t\u00e1c c\u1ee7a Technest bao g\u1ed3m c\u00e1c t\u1eadp \u0111o\u00e0n h\u00e0ng \u0111\u1ea7u v\u1ec1\u00a0<b>Nghi\u00ean c\u1ee9u Th\u1ecb tr\u01b0\u1eddng<\/b>\u00a0v\u00e0\u00a0<b>Th\u00f4ng tin Ti\u00eau d\u00f9ng<\/b>\u00a0t\u1ea1i Ch\u00e2u \u00c1.<\/p>\n<p>H\u1ecd cung c\u1ea5p nh\u1eefng\u00a0<b>Insight (th\u1ea5u hi\u1ec3u)<\/b>\u00a0th\u1ecb tr\u01b0\u1eddng s\u00e2u s\u1eafc, d\u1eef li\u1ec7u tin c\u1eady v\u00e0 s\u1ef1 am hi\u1ec3u v\u1ec1 h\u00e0nh vi ng\u01b0\u1eddi ti\u00eau d\u00f9ng, gi\u00fap c\u00e1c gi\u1ea3i ph\u00e1p c\u00f4ng ngh\u1ec7 c\u1ee7a Technest kh\u00f4ng ch\u1ec9 ho\u1ea1t \u0111\u1ed9ng hi\u1ec7u qu\u1ea3 m\u00e0 c\u00f2n t\u1ea1o ra l\u1ee3i th\u1ebf c\u1ea1nh tranh m\u1ea1nh m\u1ebd.[\/vc_column_text][\/vc_column][\/vc_row][vc_row][vc_column]<div class=\"south-title \">\n\t<h3 class=\"title\"><span class=\"ez-toc-section\" id=\"4_Truyen_thong_va_giai_phap_chuyen_nganh\"><\/span>4. Truy\u1ec1n th\u00f4ng v\u00e0 gi\u1ea3i ph\u00e1p chuy\u00ean ng\u00e0nh <span><\/span><span class=\"ez-toc-section-end\"><\/span><\/h3>\n\t<\/div>\n[vc_column_text]Ngo\u00e0i ra, ch\u00fang t\u00f4i c\u00f2n k\u1ebft n\u1ed1i v\u1edbi c\u00e1c \u0111\u1ed1i t\u00e1c cung c\u1ea5p\u00a0<b>N\u1ec1n t\u1ea3ng Th\u00f4ng tin v\u00e0 Truy\u1ec1n th\u00f4ng C\u00f4ng ngh\u1ec7<\/b>\u00a0h\u00e0ng \u0111\u1ea7u, gi\u00fap Technest lu\u00f4n c\u1eadp nh\u1eadt nh\u1eefng xu h\u01b0\u1edbng v\u00e0 \u0111\u1ed5i m\u1edbi m\u1edbi nh\u1ea5t.<\/p>\n<p>\u0110\u1ed3ng th\u1eddi, ch\u00fang t\u00f4i c\u00f3 c\u00e1c \u0111\u1ed1i t\u00e1c chuy\u00ean bi\u1ec7t v\u1ec1\u00a0<b>Gi\u1ea3i ph\u00e1p H\u1ec7 th\u1ed1ng H\u00ecnh \u1ea3nh<\/b>\u00a0cho ng\u00e0nh Y t\u1ebf, cho ph\u00e9p ch\u00fang t\u00f4i m\u1edf r\u1ed9ng kh\u1ea3 n\u0103ng cung c\u1ea5p gi\u1ea3i ph\u00e1p chuy\u00ean s\u00e2u cho nhi\u1ec1u l\u0129nh v\u1ef1c \u0111\u1eb7c th\u00f9.[\/vc_column_text][\/vc_column][\/vc_row][vc_row][vc_column][vc_separator][\/vc_column][\/vc_row][vc_row][vc_column][vc_column_text]S\u1ef1 \u0111a d\u1ea1ng v\u1ec1 chuy\u00ean m\u00f4n v\u00e0 v\u1ecb th\u1ebf d\u1eabn \u0111\u1ea7u c\u1ee7a c\u00e1c \u0111\u1ed1i t\u00e1c ch\u00ednh l\u00e0 l\u1eddi cam k\u1ebft c\u1ee7a\u00a0<b>Technest<\/b>\u00a0v\u1ec1 ch\u1ea5t l\u01b0\u1ee3ng v\u00e0 s\u1ef1 \u0111\u1ed5i m\u1edbi kh\u00f4ng ng\u1eebng. Ch\u00fang t\u00f4i bi\u1ebfn s\u1ee9c m\u1ea1nh h\u1ee3p t\u00e1c to\u00e0n c\u1ea7u n\u00e0y th\u00e0nh gi\u00e1 tr\u1ecb th\u1ef1c ti\u1ec5n, \u0111\u1ed3ng h\u00e0nh c\u00f9ng s\u1ef1 th\u00e0nh c\u00f4ng v\u00e0 ph\u00e1t tri\u1ec3n b\u1ec1n v\u1eefng c\u1ee7a doanh nghi\u1ec7p b\u1ea1n.[\/vc_column_text][\/vc_column][\/vc_row][vc_row][vc_column]<div class=\"south-title text-center\">\n\t<h3 class=\"title\"><span class=\"ez-toc-section\" id=\"Nhung_doi_tac_da_dong_hanh_cung_Technest\"><\/span>Nh\u1eefng \u0111\u1ed1i t\u00e1c \u0111\u00e3 \u0111\u1ed3ng h\u00e0nh c\u00f9ng Technest <span><\/span><span class=\"ez-toc-section-end\"><\/span><\/h3>\n\t<\/div>\n<div class=\"wt-separator-outer text-center\">\n\t<div class=\"wt-separator style-square\">\n\t\t<span class=\"separator-left bg-second\"><\/span>\n\t\t<span class=\"separator-right bg-second\"><\/span>\n\t<\/div>\n<\/div>\n[\/vc_column][\/vc_row][vc_row][vc_column][vc_images_carousel images=&#8221;1438,1437,1435,1434,1433,1432,1431,1430,1429,1439&#8243; img_size=&#8221;1200&#215;800&#8243; onclick=&#8221;link_no&#8221; speed=&#8221;1000&#8243; slides_per_view=&#8221;3&#8243; autoplay=&#8221;yes&#8221; wrap=&#8221;yes&#8221;][\/vc_column][\/vc_row]<\/p>\n<\/div>","protected":false},"excerpt":{"rendered":"<p>[vc_row][vc_column][vc_column_text]T\u1ea1i\u00a0Technest, ch\u00fang t\u00f4i tin r\u1eb1ng s\u1ee9c m\u1ea1nh c\u1ee7a m\u1ed9t doanh nghi\u1ec7p n\u1eb1m \u1edf kh\u1ea3 n\u0103ng h\u1ee3p t\u00e1c v\u1edbi nh\u1eefng \u0111\u1ed1i t\u00e1c tinh hoa tr\u00ean to\u00e0n th\u1ebf gi\u1edbi. M\u1ea1ng l\u01b0\u1edbi \u0111\u1ed1i t\u00e1c chi\u1ebfn l\u01b0\u1ee3c c\u1ee7a ch\u00fang t\u00f4i l\u00e0 minh ch\u1ee9ng cho cam k\u1ebft mang l\u1ea1i c\u00e1c gi\u1ea3i ph\u00e1p c\u00f4ng ngh\u1ec7 v\u00e0 d\u1ecbch v\u1ee5 \u0111\u1eb3ng c\u1ea5p qu\u1ed1c<\/p>\n","protected":false},"author":1,"featured_media":0,"parent":0,"menu_order":0,"comment_status":"closed","ping_status":"closed","template":"page-templates\/fullwidthpage.php","meta":{"footnotes":""},"acf":[],"_links":{"self":[{"href":"https:\/\/technest.com.vn\/vi\/wp-json\/wp\/v2\/pages\/345"}],"collection":[{"href":"https:\/\/technest.com.vn\/vi\/wp-json\/wp\/v2\/pages"}],"about":[{"href":"https:\/\/technest.com.vn\/vi\/wp-json\/wp\/v2\/types\/page"}],"author":[{"embeddable":true,"href":"https:\/\/technest.com.vn\/vi\/wp-json\/wp\/v2\/users\/1"}],"replies":[{"embeddable":true,"href":"https:\/\/technest.com.vn\/vi\/wp-json\/wp\/v2\/comments?post=345"}],"version-history":[{"count":13,"href":"https:\/\/technest.com.vn\/vi\/wp-json\/wp\/v2\/pages\/345\/revisions"}],"predecessor-version":[{"id":1481,"href":"https:\/\/technest.com.vn\/vi\/wp-json\/wp\/v2\/pages\/345\/revisions\/1481"}],"wp:attachment":[{"href":"https:\/\/technest.com.vn\/vi\/wp-json\/wp\/v2\/media?parent=345"}],"curies":[{"name":"wp","href":"https:\/\/api.w.org\/{rel}","templated":true}]}}