{"id":343,"date":"2023-12-28T10:37:38","date_gmt":"2023-12-28T03:37:38","guid":{"rendered":"http:\/\/technest.southteam.vn\/?page_id=343"},"modified":"2023-12-28T10:37:38","modified_gmt":"2023-12-28T03:37:38","slug":"nganh-cong-nghiep","status":"publish","type":"page","link":"https:\/\/technest.com.vn\/vi\/nganh-cong-nghiep\/","title":{"rendered":"Ng\u00e0nh c\u00f4ng nghi\u1ec7p"},"content":{"rendered":"<div class=\"wpb-content-wrapper\"><p>[vc_row][vc_column]<div class=\"portfolio-area applicate-grid\">\n\t<div class=\"row\">\n\t\t\t\t<div class=\"col-lg-4 col-sm-6 col-xl-4\">\n\t\t\t\n<article class=\"post-363 industry type-industry status-publish has-post-thumbnail hentry\" id=\"service-363\">\n\t<div class=\"service-item\"> \n\t\t<a class=\"service-slider-item-link\" href=\"https:\/\/technest.com.vn\/vi\/industry\/van-tai\/\">\n\t\t\t<div class=\"service-item-media\">\n\t\t\t\t<img loading=\"lazy\" decoding=\"async\" width=\"1024\" height=\"474\" src=\"https:\/\/technest.com.vn\/wp-content\/uploads\/2023\/12\/Transportation.jpg\" class=\"attachment-post-thumbnail size-post-thumbnail wp-post-image\" alt=\"\" srcset=\"https:\/\/technest.com.vn\/wp-content\/uploads\/2023\/12\/Transportation.jpg 1024w, https:\/\/technest.com.vn\/wp-content\/uploads\/2023\/12\/Transportation-300x139.jpg 300w, https:\/\/technest.com.vn\/wp-content\/uploads\/2023\/12\/Transportation-768x356.jpg 768w\" sizes=\"(max-width: 1024px) 100vw, 1024px\" \/>\t\t\t<\/div>\n\t\t\t<div class=\"service-item-content\">\n\t\t\t\t<h5 class=\"service-post-title\">V\u1eadn t\u1ea3i<i class=\"ti-arrow-right\"><\/i><\/h5>\n\t\t\t\t<div class=\"service-item-excerpt\"><p>[vc_row][vc_column][vc_column_text]D\u1ecbch v\u1ee5 outsourcing trong ng\u00e0nh logistics gi\u00fap c\u00e1c doanh nghi\u1ec7p t\u1ed1i \u01b0u h\u00f3a quy tr\u00ecnh, ti\u1ebft ki\u1ec7m chi ph\u00ed v\u00e0 n\u00e2ng cao ch\u1ea5t l\u01b0\u1ee3ng d\u1ecbch v\u1ee5. Ch\u00fang t\u00f4i cam k\u1ebft mang \u0111\u1ebfn c\u00e1c gi\u1ea3i ph\u00e1p chuy\u00ean nghi\u1ec7p v\u00e0 hi\u1ec7u qu\u1ea3, \u0111\u1ed3ng h\u00e0nh c\u00f9ng doanh nghi\u1ec7p tr\u00ean con \u0111\u01b0\u1eddng ph\u00e1t tri\u1ec3n v\u00e0 c\u1ea1nh tranh trong th\u1ecb<\/p>\n<\/div>\n\t\t\t<\/div>\n\t\t<\/a>\n\t<\/div>\n<\/article><!-- #post-## --><!-- #post-## -->\n\t\t<\/div>\n\t\t\t\t<div class=\"col-lg-4 col-sm-6 col-xl-4\">\n\t\t\t\n<article class=\"post-368 industry type-industry status-publish has-post-thumbnail hentry\" id=\"service-368\">\n\t<div class=\"service-item\"> \n\t\t<a class=\"service-slider-item-link\" href=\"https:\/\/technest.com.vn\/vi\/industry\/xay-dung\/\">\n\t\t\t<div class=\"service-item-media\">\n\t\t\t\t<img loading=\"lazy\" decoding=\"async\" width=\"600\" height=\"400\" src=\"https:\/\/technest.com.vn\/wp-content\/uploads\/2023\/12\/Constructor-1.jpg\" class=\"attachment-post-thumbnail size-post-thumbnail wp-post-image\" alt=\"Constructor\" srcset=\"https:\/\/technest.com.vn\/wp-content\/uploads\/2023\/12\/Constructor-1.jpg 600w, https:\/\/technest.com.vn\/wp-content\/uploads\/2023\/12\/Constructor-1-300x200.jpg 300w\" sizes=\"(max-width: 600px) 100vw, 600px\" \/>\t\t\t<\/div>\n\t\t\t<div class=\"service-item-content\">\n\t\t\t\t<h5 class=\"service-post-title\">X\u00e2y d\u1ef1ng<i class=\"ti-arrow-right\"><\/i><\/h5>\n\t\t\t\t<div class=\"service-item-excerpt\"><p>[vc_row][vc_column][vc_column_text] D\u1ecbch v\u1ee5 gia c\u00f4ng ph\u1ea7n m\u1ec1m trong x\u00e2y d\u1ef1ng mang l\u1ea1i d\u1ecbch v\u1ee5 linh ho\u1ea1t v\u00e0 hi\u1ec7u qu\u1ea3 cho c\u00e1c doanh nghi\u1ec7p x\u00e2y d\u1ef1ng b\u1eb1ng c\u00e1ch cung c\u1ea5p c\u00e1c gi\u1ea3i ph\u00e1p c\u00f4ng ngh\u1ec7 v\u00e0 qu\u1ea3n l\u00fd ch\u1ea5t l\u01b0\u1ee3ng. T\u1eeb c\u00f4ng vi\u1ec7c thi\u1ebft k\u1ebf v\u00e0 qu\u1ea3n l\u00fd d\u1ef1 \u00e1n \u0111\u1ebfn \u0111\u1ea3m b\u1ea3o ch\u1ea5t l\u01b0\u1ee3ng v\u00e0<\/p>\n<\/div>\n\t\t\t<\/div>\n\t\t<\/a>\n\t<\/div>\n<\/article><!-- #post-## --><!-- #post-## -->\n\t\t<\/div>\n\t\t\t\t<div class=\"col-lg-4 col-sm-6 col-xl-4\">\n\t\t\t\n<article class=\"post-369 industry type-industry status-publish has-post-thumbnail hentry\" id=\"service-369\">\n\t<div class=\"service-item\"> \n\t\t<a class=\"service-slider-item-link\" href=\"https:\/\/technest.com.vn\/vi\/industry\/cham-soc-suc-khoe\/\">\n\t\t\t<div class=\"service-item-media\">\n\t\t\t\t<img loading=\"lazy\" decoding=\"async\" width=\"750\" height=\"500\" src=\"https:\/\/technest.com.vn\/wp-content\/uploads\/2023\/12\/Health-Care.png\" class=\"attachment-post-thumbnail size-post-thumbnail wp-post-image\" alt=\"\" srcset=\"https:\/\/technest.com.vn\/wp-content\/uploads\/2023\/12\/Health-Care.png 750w, https:\/\/technest.com.vn\/wp-content\/uploads\/2023\/12\/Health-Care-300x200.png 300w\" sizes=\"(max-width: 750px) 100vw, 750px\" \/>\t\t\t<\/div>\n\t\t\t<div class=\"service-item-content\">\n\t\t\t\t<h5 class=\"service-post-title\">Ch\u0103m s\u00f3c s\u1ee9c kh\u1ecfe<i class=\"ti-arrow-right\"><\/i><\/h5>\n\t\t\t\t<div class=\"service-item-excerpt\"><p>[vc_row][vc_column][vc_column_text]Ng ch\u0103m s\u00f3c s\u1ee9c kh\u1ecfe \u0111ang tr\u1ea3i qua nh\u1eefng thay \u0111\u1ed5i nhanh ch\u00f3ng v\u1ec1 ph\u00e1t tri\u1ec3n c\u00f4ng ngh\u1ec7 v\u00e0 nhu c\u1ea7u t\u0103ng cao v\u1ec1 d\u1ecbch v\u1ee5 ch\u1ea5t l\u01b0\u1ee3ng Ph\u00e1t tri\u1ec3n ph\u1ea7n m\u1ec1m y t\u1ebf l\u00e0 m\u1ed9t trong nh\u1eefng d\u1ecbch v\u1ee5 quan tr\u1ecdng gi\u00fap \u0111\u1ee1 c\u00e1c c\u01a1 s\u1edf y t\u1ebf t\u1ed1i \u01b0u h\u00f3a quy tr\u00ecnh v\u00e0<\/p>\n<\/div>\n\t\t\t<\/div>\n\t\t<\/a>\n\t<\/div>\n<\/article><!-- #post-## --><!-- #post-## -->\n\t\t<\/div>\n\t\t\t\t<div class=\"col-lg-4 col-sm-6 col-xl-4\">\n\t\t\t\n<article class=\"post-370 industry type-industry status-publish has-post-thumbnail hentry\" id=\"service-370\">\n\t<div class=\"service-item\"> \n\t\t<a class=\"service-slider-item-link\" href=\"https:\/\/technest.com.vn\/vi\/industry\/ban-le-thuong-mai-dien-tu\/\">\n\t\t\t<div class=\"service-item-media\">\n\t\t\t\t<img loading=\"lazy\" decoding=\"async\" width=\"600\" height=\"400\" src=\"https:\/\/technest.com.vn\/wp-content\/uploads\/2023\/12\/Retail-Ecommerce-1.jpeg\" class=\"attachment-post-thumbnail size-post-thumbnail wp-post-image\" alt=\"Retail &amp; Ecommerce\" srcset=\"https:\/\/technest.com.vn\/wp-content\/uploads\/2023\/12\/Retail-Ecommerce-1.jpeg 600w, https:\/\/technest.com.vn\/wp-content\/uploads\/2023\/12\/Retail-Ecommerce-1-300x200.jpeg 300w\" sizes=\"(max-width: 600px) 100vw, 600px\" \/>\t\t\t<\/div>\n\t\t\t<div class=\"service-item-content\">\n\t\t\t\t<h5 class=\"service-post-title\">B\u00e1n l\u1ebb &#038; Th\u01b0\u01a1ng m\u1ea1i \u0111i\u1ec7n t\u1eed<i class=\"ti-arrow-right\"><\/i><\/h5>\n\t\t\t\t<div class=\"service-item-excerpt\"><p>[vc_row][vc_column][vc_column_text]Ng\u00e0nh b\u00e1n l\u1ebb th\u01b0\u01a1ng m\u1ea1i \u0111i\u1ec7n t\u1eed \u0111ang ph\u00e1t tri\u1ec3n m\u1ea1nh m\u1ebd, \u0111\u00f2i h\u1ecfi c\u00e1c doanh nghi\u1ec7p ph\u1ea3i li\u00ean t\u1ee5c \u0111\u1ed5i m\u1edbi v\u00e0 t\u1ed1i \u01b0u h\u00f3a quy tr\u00ecnh kinh doanh \u0111\u1ec3 c\u1ea1nh tranh v\u00e0 \u0111\u00e1p \u1ee9ng nhu c\u1ea7u kh\u00e1ch h\u00e0ng. \u0110\u1ec3 \u0111\u1ea1t \u0111\u01b0\u1ee3c \u0111i\u1ec1u n\u00e0y, vi\u1ec7c s\u1eed d\u1ee5ng d\u1ecbch v\u1ee5 outsourcing l\u00e0 m\u1ed9t gi\u1ea3i ph\u00e1p<\/p>\n<\/div>\n\t\t\t<\/div>\n\t\t<\/a>\n\t<\/div>\n<\/article><!-- #post-## --><!-- #post-## -->\n\t\t<\/div>\n\t\t\t\t<div class=\"col-lg-4 col-sm-6 col-xl-4\">\n\t\t\t\n<article class=\"post-372 industry type-industry status-publish has-post-thumbnail hentry\" id=\"service-372\">\n\t<div class=\"service-item\"> \n\t\t<a class=\"service-slider-item-link\" href=\"https:\/\/technest.com.vn\/vi\/industry\/manufactoring\/\">\n\t\t\t<div class=\"service-item-media\">\n\t\t\t\t<img loading=\"lazy\" decoding=\"async\" width=\"600\" height=\"400\" src=\"https:\/\/technest.com.vn\/wp-content\/uploads\/2023\/12\/Manufactoring-1.png\" class=\"attachment-post-thumbnail size-post-thumbnail wp-post-image\" alt=\"Manufactoring\" srcset=\"https:\/\/technest.com.vn\/wp-content\/uploads\/2023\/12\/Manufactoring-1.png 600w, https:\/\/technest.com.vn\/wp-content\/uploads\/2023\/12\/Manufactoring-1-300x200.png 300w\" sizes=\"(max-width: 600px) 100vw, 600px\" \/>\t\t\t<\/div>\n\t\t\t<div class=\"service-item-content\">\n\t\t\t\t<h5 class=\"service-post-title\">Manufactoring<i class=\"ti-arrow-right\"><\/i><\/h5>\n\t\t\t\t<div class=\"service-item-excerpt\"><p>[vc_row][vc_column][vc_column_text]Ng\u00e0nh s\u1ea3n xu\u1ea5t \u0111ang ng\u00e0y c\u00e0ng ph\u1ee9c t\u1ea1p v\u00e0 \u0111\u00f2i h\u1ecfi s\u1ef1 chuy\u00ean m\u00f4n h\u00f3a cao \u0111\u1ec3 \u0111\u1ea3m b\u1ea3o ch\u1ea5t l\u01b0\u1ee3ng s\u1ea3n ph\u1ea9m, hi\u1ec7u qu\u1ea3 s\u1ea3n xu\u1ea5t v\u00e0 \u0111\u00e1p \u1ee9ng c\u00e1c y\u00eau c\u1ea7u c\u1ee7a th\u1ecb tr\u01b0\u1eddng. \u0110\u1ec3 t\u1ed1i \u01b0u h\u00f3a quy tr\u00ecnh s\u1ea3n xu\u1ea5t v\u00e0 t\u1eadp trung v\u00e0o c\u00e1c ho\u1ea1t \u0111\u1ed9ng c\u1ed1t l\u00f5i, nhi\u1ec1u c\u00f4ng<\/p>\n<\/div>\n\t\t\t<\/div>\n\t\t<\/a>\n\t<\/div>\n<\/article><!-- #post-## --><!-- #post-## -->\n\t\t<\/div>\n\t\t\t<\/div>\n<\/div>\t\n[\/vc_column][\/vc_row]<\/p>\n<\/div>","protected":false},"excerpt":{"rendered":"<p>[vc_row][vc_column][\/vc_column][\/vc_row]<\/p>\n","protected":false},"author":1,"featured_media":0,"parent":0,"menu_order":0,"comment_status":"closed","ping_status":"closed","template":"page-templates\/fullwidthpage.php","meta":{"footnotes":""},"acf":[],"_links":{"self":[{"href":"https:\/\/technest.com.vn\/vi\/wp-json\/wp\/v2\/pages\/343"}],"collection":[{"href":"https:\/\/technest.com.vn\/vi\/wp-json\/wp\/v2\/pages"}],"about":[{"href":"https:\/\/technest.com.vn\/vi\/wp-json\/wp\/v2\/types\/page"}],"author":[{"embeddable":true,"href":"https:\/\/technest.com.vn\/vi\/wp-json\/wp\/v2\/users\/1"}],"replies":[{"embeddable":true,"href":"https:\/\/technest.com.vn\/vi\/wp-json\/wp\/v2\/comments?post=343"}],"version-history":[{"count":1,"href":"https:\/\/technest.com.vn\/vi\/wp-json\/wp\/v2\/pages\/343\/revisions"}],"predecessor-version":[{"id":344,"href":"https:\/\/technest.com.vn\/vi\/wp-json\/wp\/v2\/pages\/343\/revisions\/344"}],"wp:attachment":[{"href":"https:\/\/technest.com.vn\/vi\/wp-json\/wp\/v2\/media?parent=343"}],"curies":[{"name":"wp","href":"https:\/\/api.w.org\/{rel}","templated":true}]}}