{"id":335,"date":"2023-12-28T10:16:02","date_gmt":"2023-12-28T03:16:02","guid":{"rendered":"http:\/\/technest.southteam.vn\/?page_id=335"},"modified":"2026-01-28T09:14:53","modified_gmt":"2026-01-28T02:14:53","slug":"lien-he","status":"publish","type":"page","link":"https:\/\/technest.com.vn\/vi\/lien-he\/","title":{"rendered":"Li\u00ean h\u1ec7"},"content":{"rendered":"<div class=\"wpb-content-wrapper\"><p>[vc_row css=&#8221;.vc_custom_1559548963532{padding-bottom: 35px !important;}&#8221;][vc_column width=&#8221;1\/2&#8243; css=&#8221;.vc_custom_1530458307049{padding-top: 35px !important;padding-right: 15px !important;padding-bottom: 35px !important;padding-left: 15px !important;background-color: #f5f6f6 !important;}&#8221;]<div class=\"south-title \">\n\t<div id=\"ez-toc-container\" class=\"ez-toc-v2_0_76 counter-hierarchy ez-toc-counter ez-toc-grey ez-toc-container-direction\">\n<div class=\"ez-toc-title-container\">\n<p class=\"ez-toc-title\" style=\"cursor:inherit\">Table of Contents<\/p>\n<span class=\"ez-toc-title-toggle\"><a href=\"#\" class=\"ez-toc-pull-right ez-toc-btn ez-toc-btn-xs ez-toc-btn-default ez-toc-toggle\" aria-label=\"Toggle Table of Content\"><span class=\"ez-toc-js-icon-con\"><span class=\"\"><span class=\"eztoc-hide\" style=\"display:none;\">Toggle<\/span><span class=\"ez-toc-icon-toggle-span\"><svg style=\"fill: #999;color:#999\" xmlns=\"http:\/\/www.w3.org\/2000\/svg\" class=\"list-377408\" width=\"20px\" height=\"20px\" viewBox=\"0 0 24 24\" fill=\"none\"><path d=\"M6 6H4v2h2V6zm14 0H8v2h12V6zM4 11h2v2H4v-2zm16 0H8v2h12v-2zM4 16h2v2H4v-2zm16 0H8v2h12v-2z\" fill=\"currentColor\"><\/path><\/svg><svg style=\"fill: #999;color:#999\" class=\"arrow-unsorted-368013\" xmlns=\"http:\/\/www.w3.org\/2000\/svg\" width=\"10px\" height=\"10px\" viewBox=\"0 0 24 24\" version=\"1.2\" baseProfile=\"tiny\"><path d=\"M18.2 9.3l-6.2-6.3-6.2 6.3c-.2.2-.3.4-.3.7s.1.5.3.7c.2.2.4.3.7.3h11c.3 0 .5-.1.7-.3.2-.2.3-.5.3-.7s-.1-.5-.3-.7zM5.8 14.7l6.2 6.3 6.2-6.3c.2-.2.3-.5.3-.7s-.1-.5-.3-.7c-.2-.2-.4-.3-.7-.3h-11c-.3 0-.5.1-.7.3-.2.2-.3.5-.3.7s.1.5.3.7z\"\/><\/svg><\/span><\/span><\/span><\/a><\/span><\/div>\n<nav><ul class='ez-toc-list ez-toc-list-level-1 ' ><ul class='ez-toc-list-level-3' ><li class='ez-toc-heading-level-3'><a class=\"ez-toc-link ez-toc-heading-1\" href=\"https:\/\/technest.com.vn\/vi\/lien-he\/#Form_lien_he\" >Form li\u00ean h\u1ec7<\/a><\/li><li class='ez-toc-page-1 ez-toc-heading-level-3'><a class=\"ez-toc-link ez-toc-heading-2\" href=\"https:\/\/technest.com.vn\/vi\/lien-he\/#Thong_tin_lien_he\" >Th\u00f4ng tin li\u00ean h\u1ec7<\/a><ul class='ez-toc-list-level-6' ><li class='ez-toc-heading-level-6'><ul class='ez-toc-list-level-6' ><li class='ez-toc-heading-level-6'><ul class='ez-toc-list-level-6' ><li class='ez-toc-heading-level-6'><a class=\"ez-toc-link ez-toc-heading-3\" href=\"https:\/\/technest.com.vn\/vi\/lien-he\/#Dia_chi\" >\u0110\u1ecba ch\u1ec9:<\/a><\/li><li class='ez-toc-page-1 ez-toc-heading-level-6'><a class=\"ez-toc-link ez-toc-heading-4\" href=\"https:\/\/technest.com.vn\/vi\/lien-he\/#Dien_thoai\" >\u0110i\u1ec7n tho\u1ea1i:<\/a><\/li><li class='ez-toc-page-1 ez-toc-heading-level-6'><a class=\"ez-toc-link ez-toc-heading-5\" href=\"https:\/\/technest.com.vn\/vi\/lien-he\/#Email\" >Email<\/a><\/li><\/ul><\/li><\/ul><\/li><\/ul><\/li><\/ul><\/li><li class='ez-toc-page-1 ez-toc-heading-level-2'><a class=\"ez-toc-link ez-toc-heading-6\" href=\"https:\/\/technest.com.vn\/vi\/lien-he\/#Trang_thong_tin\" >Trang th\u00f4ng tin<\/a><\/li><\/ul><\/nav><\/div>\n<h3 class=\"title\"><span class=\"ez-toc-section\" id=\"Form_lien_he\"><\/span>Form li\u00ean h\u1ec7 <span><\/span><span class=\"ez-toc-section-end\"><\/span><\/h3>\n\t<\/div>\n<div class=\"wt-separator-outer \">\n\t<div class=\"wt-separator style-square\">\n\t\t<span class=\"separator-left bg-second\"><\/span>\n\t\t<span class=\"separator-right bg-second\"><\/span>\n\t<\/div>\n<\/div>\n[vc_empty_space height=&#8221;10px&#8221;]\n<div class=\"wpcf7 no-js\" id=\"wpcf7-f804-o1\" lang=\"vi\" dir=\"ltr\">\n<div class=\"screen-reader-response\"><p role=\"status\" aria-live=\"polite\" aria-atomic=\"true\"><\/p> <ul><\/ul><\/div>\n<form action=\"\/vi\/wp-json\/wp\/v2\/pages\/335#wpcf7-f804-o1\" method=\"post\" class=\"wpcf7-form init\" aria-label=\"Contact form\" novalidate=\"novalidate\" data-status=\"init\">\n<div style=\"display: none;\">\n<input type=\"hidden\" name=\"_wpcf7\" value=\"804\" \/>\n<input type=\"hidden\" name=\"_wpcf7_version\" value=\"5.8.6\" \/>\n<input type=\"hidden\" name=\"_wpcf7_locale\" value=\"vi\" \/>\n<input type=\"hidden\" name=\"_wpcf7_unit_tag\" value=\"wpcf7-f804-o1\" \/>\n<input type=\"hidden\" name=\"_wpcf7_container_post\" value=\"0\" \/>\n<input type=\"hidden\" name=\"_wpcf7_posted_data_hash\" value=\"\" \/>\n<\/div>\n<div class=\"row\">\n\t<div class=\"col-md-6\">\n\t\t<p><span class=\"wpcf7-form-control-wrap\" data-name=\"your-name\"><input size=\"40\" class=\"wpcf7-form-control wpcf7-text wpcf7-validates-as-required mb-3 p-2\" aria-required=\"true\" aria-invalid=\"false\" placeholder=\"H\u1ecd v\u00e0 t\u00ean\" value=\"\" type=\"text\" name=\"your-name\" \/><\/span>\n\t\t<\/p>\n\t<\/div>\n\t<div class=\"col-md-6\">\n\t\t<p><span class=\"wpcf7-form-control-wrap\" data-name=\"your-email\"><input size=\"40\" class=\"wpcf7-form-control wpcf7-email wpcf7-validates-as-required wpcf7-text wpcf7-validates-as-email mb-3 p-2\" aria-required=\"true\" aria-invalid=\"false\" placeholder=\"Email\" value=\"\" type=\"email\" name=\"your-email\" \/><\/span>\n\t\t<\/p>\n\t<\/div>\n\t<div class=\"col-md-6\">\n\t\t<p><span class=\"wpcf7-form-control-wrap\" data-name=\"tel-822\"><input size=\"40\" class=\"wpcf7-form-control wpcf7-tel wpcf7-text wpcf7-validates-as-tel mb-3 p-2\" aria-invalid=\"false\" placeholder=\"S\u1ed1 \u0111i\u1ec7n tho\u1ea1i\" value=\"\" type=\"tel\" name=\"tel-822\" \/><\/span>\n\t\t<\/p>\n\t<\/div>\n\t<div class=\"col-md-6\">\n\t\t<p><span class=\"wpcf7-form-control-wrap\" data-name=\"your-subject\"><input size=\"40\" class=\"wpcf7-form-control wpcf7-text mb-3 p-2\" aria-invalid=\"false\" placeholder=\"Ch\u1ee7 \u0111\u1ec1\" value=\"\" type=\"text\" name=\"your-subject\" \/><\/span>\n\t\t<\/p>\n\t<\/div>\n\t<div class=\"col-12\">\n\t\t<p><span class=\"wpcf7-form-control-wrap\" data-name=\"your-message\"><textarea cols=\"10\" rows=\"4\" class=\"wpcf7-form-control wpcf7-textarea mb-3 p-2\" aria-invalid=\"false\" placeholder=\"L\u1eddi nh\u1eafn th\u00eam\" name=\"your-message\"><\/textarea><\/span>\n\t\t<\/p>\n\t<\/div>\n\t<div class=\"col-lg-4\">\n\t\t<p><input class=\"wpcf7-form-control wpcf7-submit has-spinner btn btn-primary btn-block\" type=\"submit\" value=\"G\u1eedi \u0111i\" \/>\n\t\t<\/p>\n\t<\/div>\n<\/div><div class=\"wpcf7-response-output\" aria-hidden=\"true\"><\/div>\n<\/form>\n<\/div>\n[\/vc_column][vc_column width=&#8221;1\/2&#8243;]<div class=\"south-title \">\n\t<h3 class=\"title\"><span class=\"ez-toc-section\" id=\"Thong_tin_lien_he\"><\/span>Th\u00f4ng tin li\u00ean h\u1ec7 <span><\/span><span class=\"ez-toc-section-end\"><\/span><\/h3>\n\t<\/div>\n<div class=\"wt-separator-outer \">\n\t<div class=\"wt-separator style-square\">\n\t\t<span class=\"separator-left bg-second\"><\/span>\n\t\t<span class=\"separator-right bg-second\"><\/span>\n\t<\/div>\n<\/div>\n[vc_column_text el_class=&#8221;mb-3&#8243;]N\u1ebfu b\u1ea1n c\u00f3 b\u1ea5t k\u1ef3 c\u00e2u h\u1ecfi n\u00e0o, vui l\u00f2ng li\u00ean h\u1ec7 v\u1edbi ch\u00fang t\u00f4i theo th\u00f4ng tin sau:[\/vc_column_text]<div class=\"item mb-3 icon-title-2\">\n\t<div class=\"media align-items-center\"><i class=\"fa fa-2x fas fa-map-marker bg-primary\"><\/i>\n\t\t<div class=\"media-body\"> <h6 class=\"title\"><span class=\"ez-toc-section\" id=\"Dia_chi\"><\/span>\u0110\u1ecba ch\u1ec9:<span class=\"ez-toc-section-end\"><\/span><\/h6>\n\t\t\t<p class=\"description text-justify m-0\">* T\u1ea7ng 3, T\u00f2a nh\u00e0 ACM, s\u1ed1 96 Cao Th\u1eafng, Ph\u01b0\u1eddng B\u00e0n C\u1edd, Th\u00e0nh ph\u1ed1 H\u1ed3 Ch\u00ed Minh<br \/>\n* 222-0033 Kanagawa Ken, Yokohama shi, Kohoku ku, Shin Yokohama 2-5-14, WISENEXT Building 402<br \/>\n* 150-0041, Tokyo, Th\u00e0nh ph\u1ed1 Shibuya, Khu Jinnan, T\u1ed5 1, S\u1ed1 23-14<\/p>\n\t\t<\/div><\/div>\n<\/div>\n[vc_empty_space height=&#8221;5px&#8221;]<div class=\"item mb-3 icon-title-2\">\n\t<div class=\"media align-items-center\"><i class=\"fa fa-2x fas fa-phone bg-primary\"><\/i>\n\t\t<div class=\"media-body\"> <h6 class=\"title\"><span class=\"ez-toc-section\" id=\"Dien_thoai\"><\/span>\u0110i\u1ec7n tho\u1ea1i:<span class=\"ez-toc-section-end\"><\/span><\/h6>\n\t\t\t<p class=\"description text-justify m-0\">(+84)369 182 192<br \/>\n(+81)50 3561 6676<\/p>\n\t\t<\/div><\/div>\n<\/div>\n[vc_empty_space height=&#8221;25px&#8221;]<div class=\"item mb-3 icon-title-2\">\n\t<div class=\"media align-items-center\"><i class=\"fa fa-2x fas fa-envelope bg-primary\"><\/i>\n\t\t<div class=\"media-body\"> <h6 class=\"title\"><span class=\"ez-toc-section\" id=\"Email\"><\/span>Email<span class=\"ez-toc-section-end\"><\/span><\/h6>\n\t\t\t<p class=\"description text-justify m-0\">info@technest.com.vn<\/p>\n\t\t<\/div><\/div>\n<\/div>\n[\/vc_column][\/vc_row][vc_row][vc_column][vc_column_text]<\/p>\n<h2 style=\"text-align: center;\"><span class=\"ez-toc-section\" id=\"Trang_thong_tin\"><\/span>Trang th\u00f4ng tin<span class=\"ez-toc-section-end\"><\/span><\/h2>\n<p><span id=\"formkey_field\">[mwform_formkey key=&#8221;2820&#8243;]<\/span>[\/vc_column_text][\/vc_column][\/vc_row][vc_row][vc_column][\/vc_column][\/vc_row]<\/p>\n<\/div>","protected":false},"excerpt":{"rendered":"<p>[vc_row css=&#8221;.vc_custom_1559548963532{padding-bottom: 35px !important;}&#8221;][vc_column width=&#8221;1\/2&#8243; css=&#8221;.vc_custom_1530458307049{padding-top: 35px !important;padding-right: 15px !important;padding-bottom: 35px !important;padding-left: 15px !important;background-color: #f5f6f6 !important;}&#8221;][vc_empty_space height=&#8221;10px&#8221;][\/vc_column][vc_column width=&#8221;1\/2&#8243;][vc_column_text el_class=&#8221;mb-3&#8243;]N\u1ebfu b\u1ea1n c\u00f3 b\u1ea5t k\u1ef3 c\u00e2u h\u1ecfi n\u00e0o, vui l\u00f2ng li\u00ean h\u1ec7 v\u1edbi ch\u00fang t\u00f4i theo th\u00f4ng tin sau:[\/vc_column_text][vc_empty_space height=&#8221;5px&#8221;][vc_empty_space height=&#8221;25px&#8221;][\/vc_column][\/vc_row][vc_row][vc_column][vc_column_text] Trang th\u00f4ng tin [mwform_formkey key=&#8221;2820&#8243;][\/vc_column_text][\/vc_column][\/vc_row][vc_row][vc_column][\/vc_column][\/vc_row]<\/p>\n","protected":false},"author":1,"featured_media":0,"parent":0,"menu_order":0,"comment_status":"closed","ping_status":"closed","template":"page-templates\/fullwidthpage.php","meta":{"footnotes":""},"acf":[],"_links":{"self":[{"href":"https:\/\/technest.com.vn\/vi\/wp-json\/wp\/v2\/pages\/335"}],"collection":[{"href":"https:\/\/technest.com.vn\/vi\/wp-json\/wp\/v2\/pages"}],"about":[{"href":"https:\/\/technest.com.vn\/vi\/wp-json\/wp\/v2\/types\/page"}],"author":[{"embeddable":true,"href":"https:\/\/technest.com.vn\/vi\/wp-json\/wp\/v2\/users\/1"}],"replies":[{"embeddable":true,"href":"https:\/\/technest.com.vn\/vi\/wp-json\/wp\/v2\/comments?post=335"}],"version-history":[{"count":26,"href":"https:\/\/technest.com.vn\/vi\/wp-json\/wp\/v2\/pages\/335\/revisions"}],"predecessor-version":[{"id":3253,"href":"https:\/\/technest.com.vn\/vi\/wp-json\/wp\/v2\/pages\/335\/revisions\/3253"}],"wp:attachment":[{"href":"https:\/\/technest.com.vn\/vi\/wp-json\/wp\/v2\/media?parent=335"}],"curies":[{"name":"wp","href":"https:\/\/api.w.org\/{rel}","templated":true}]}}